{"id":1253,"date":"2019-04-17T08:41:39","date_gmt":"2019-04-17T06:41:39","guid":{"rendered":"https:\/\/www.alfacap.ee\/alfacap-grupp-ou\/"},"modified":"2019-04-17T08:51:27","modified_gmt":"2019-04-17T06:51:27","slug":"alfacap-grupp-ou","status":"publish","type":"page","link":"https:\/\/www.alfacap.ee\/fi\/alfacap-grupp-ou\/","title":{"rendered":"ALFACAP GRUPP O\u00dc"},"content":{"rendered":"\t\t<div data-elementor-type=\"wp-post\" data-elementor-id=\"1253\" class=\"elementor elementor-1253 elementor-572\" data-elementor-post-type=\"page\">\n\t\t\t\t\t\t<section class=\"elementor-section elementor-top-section elementor-element elementor-element-be32b34 elementor-section-content-middle elementor-reverse-mobile elementor-section-stretched elementor-section-boxed elementor-section-height-default elementor-section-height-default\" data-id=\"be32b34\" data-element_type=\"section\" data-e-type=\"section\" data-settings=\"{&quot;background_background&quot;:&quot;gradient&quot;,&quot;stretch_section&quot;:&quot;section-stretched&quot;}\">\n\t\t\t\t\t\t<div class=\"elementor-container elementor-column-gap-no\">\n\t\t\t\t\t<div class=\"elementor-column elementor-col-100 elementor-top-column elementor-element elementor-element-b1504b7\" data-id=\"b1504b7\" data-element_type=\"column\" data-e-type=\"column\" data-settings=\"{&quot;background_background&quot;:&quot;classic&quot;}\">\n\t\t\t<div class=\"elementor-widget-wrap elementor-element-populated\">\n\t\t\t\t\t\t<div class=\"elementor-element elementor-element-54f4992 elementor-widget elementor-widget-image\" data-id=\"54f4992\" data-element_type=\"widget\" data-e-type=\"widget\" data-widget_type=\"image.default\">\n\t\t\t\t<div class=\"elementor-widget-container\">\n\t\t\t\t\t\t\t\t\t\t\t\t\t\t\t<img fetchpriority=\"high\" decoding=\"async\" width=\"1200\" height=\"463\" src=\"https:\/\/www.alfacap.ee\/wp-content\/uploads\/2019\/03\/delivery-1.jpg\" class=\"attachment-full size-full wp-image-598\" alt=\"Tuotannonvalvonta\" srcset=\"https:\/\/www.alfacap.ee\/wp-content\/uploads\/2019\/03\/delivery-1.jpg 1200w, https:\/\/www.alfacap.ee\/wp-content\/uploads\/2019\/03\/delivery-1-300x116.jpg 300w, https:\/\/www.alfacap.ee\/wp-content\/uploads\/2019\/03\/delivery-1-768x296.jpg 768w, https:\/\/www.alfacap.ee\/wp-content\/uploads\/2019\/03\/delivery-1-1024x395.jpg 1024w\" sizes=\"(max-width: 1200px) 100vw, 1200px\" \/>\t\t\t\t\t\t\t\t\t\t\t\t\t\t\t<\/div>\n\t\t\t\t<\/div>\n\t\t\t\t<div class=\"elementor-element elementor-element-5d20da0 elementor-widget elementor-widget-heading\" data-id=\"5d20da0\" data-element_type=\"widget\" data-e-type=\"widget\" data-widget_type=\"heading.default\">\n\t\t\t\t<div class=\"elementor-widget-container\">\n\t\t\t\t\t<h2 class=\"elementor-heading-title elementor-size-default\">Alfacap Grupp O\u00dc<\/h2>\t\t\t\t<\/div>\n\t\t\t\t<\/div>\n\t\t\t\t<div class=\"elementor-element elementor-element-c8e0e62 elementor-widget elementor-widget-text-editor\" data-id=\"c8e0e62\" data-element_type=\"widget\" data-e-type=\"widget\" data-widget_type=\"text-editor.default\">\n\t\t\t\t<div class=\"elementor-widget-container\">\n\t\t\t\t\t\t\t\t\t<p>Alfacap Grupp O\u00fc perustettiin vuonna 2004 ja sen tavoitteena oli erilaisten yritysten yhteisty\u00f6n j\u00e4rjest\u00e4minen ja tehostaminen. Nykyiseksi olemme kehittyneet toimivaksi projektinhallintaan ja alihankinnan ohjaukseen keskittyneeksi yhti\u00f6ksi.<\/p>\n<p>Vuodesta 2006 alkaen olemme osallistuneet 180 erilaiseen projektiin. Meid\u00e4n j\u00e4rjestetyt tai valvotut projektit k\u00e4sitt\u00e4v\u00e4t sek\u00e4 ainutlaatuisia ratkaisuja ett\u00e4 kansainv\u00e4lisi\u00e4 projekteja. 15 vuoden kokemuksemme ja taitomme ansiosta olemme useammasta kertakaikkisesta projektista kehitt\u00e4neet menestyv\u00e4n jatkuvan yhteisty\u00f6n Euroopassa ja muualla.<\/p>\n<p>Arvostamme ty\u00f6ss\u00e4mme ammatillisuutta. Meid\u00e4n ty\u00f6ntekij\u00e4t tiet\u00e4v\u00e4t, ett\u00e4 ammatillisuuden edellytyksen\u00e4 on jatkuva henkil\u00f6kohtainen kehitys ja alansa tuntemus.<\/p>\n<p>Palvelujen tarjoamisen yhteydess\u00e4 olemme asiakaskeskeisi\u00e4 ja l\u00e4hdemme ennen kaikkea h\u00e4nen tarpeista ja toiveista. Ty\u00f6ss\u00e4mme ovat t\u00e4rkeit\u00e4 joustavuus, toimiva ty\u00f6j\u00e4rjestys ja kommunikaatio.<\/p>\n<p>Nykyiseksi on yli 80% asiakkaistamme Viron ulkopuolelta ja t\u00e4rke\u00e4mm\u00e4t yhteisty\u00f6kumppanit olemme l\u00f6yt\u00e4neet l\u00e4himaista, mutta tarjoamme palveluja my\u00f6s Keski-Euroopan ja L\u00e4hi-Id\u00e4n maissa.<\/p>\n\t\t\t\t\t\t\t\t<\/div>\n\t\t\t\t<\/div>\n\t\t\t\t<div class=\"elementor-element elementor-element-d7ef568 elementor-tablet-align-left elementor-mobile-align-center elementor-align-center elementor-widget elementor-widget-button\" data-id=\"d7ef568\" data-element_type=\"widget\" data-e-type=\"widget\" data-widget_type=\"button.default\">\n\t\t\t\t<div class=\"elementor-widget-container\">\n\t\t\t\t\t\t\t\t\t<div class=\"elementor-button-wrapper\">\n\t\t\t\t\t<a class=\"elementor-button elementor-button-link elementor-size-sm elementor-animation-float\" href=\"https:\/\/www.alfacap.ee\/fi\/yhteystiedot\/\">\n\t\t\t\t\t\t<span class=\"elementor-button-content-wrapper\">\n\t\t\t\t\t\t\t\t\t<span class=\"elementor-button-text\">Ota yhteytt\u00e4 &raquo;<\/span>\n\t\t\t\t\t<\/span>\n\t\t\t\t\t<\/a>\n\t\t\t\t<\/div>\n\t\t\t\t\t\t\t\t<\/div>\n\t\t\t\t<\/div>\n\t\t\t\t\t<\/div>\n\t\t<\/div>\n\t\t\t\t\t<\/div>\n\t\t<\/section>\n\t\t\t\t<\/div>\n\t\t","protected":false},"excerpt":{"rendered":"<p>Alfacap Grupp O\u00dc Alfacap Grupp O\u00fc perustettiin vuonna 2004 ja sen tavoitteena oli erilaisten yritysten yhteisty\u00f6n j\u00e4rjest\u00e4minen ja tehostaminen. Nykyiseksi olemme kehittyneet toimivaksi projektinhallintaan ja alihankinnan ohjaukseen keskittyneeksi yhti\u00f6ksi. Vuodesta 2006 alkaen olemme osallistuneet 180 erilaiseen projektiin. Meid\u00e4n j\u00e4rjestetyt tai valvotut projektit k\u00e4sitt\u00e4v\u00e4t sek\u00e4 ainutlaatuisia ratkaisuja ett\u00e4 kansainv\u00e4lisi\u00e4 projekteja. 15 vuoden kokemuksemme ja taitomme ansiosta [&hellip;]<\/p>\n","protected":false},"author":1,"featured_media":0,"parent":0,"menu_order":0,"comment_status":"closed","ping_status":"closed","template":"","meta":{"_seopress_robots_primary_cat":"","_seopress_titles_title":"Tuotannonvalvonta. Laatutarkastus - ALFACAP GRUPP OY","_seopress_titles_desc":"Tuotannonvalvonta. Laatutarkastus. Projektinhallinta. Konsultointi. Pitk\u00e4aikainen kokemus kehitys- ja teollisuusprojektien toteuttamisesta. Ota yhteytt\u00e4.\r\n","_seopress_robots_index":"","site-sidebar-layout":"no-sidebar","site-content-layout":"page-builder","ast-site-content-layout":"default","site-content-style":"default","site-sidebar-style":"default","ast-global-header-display":"","ast-banner-title-visibility":"","ast-main-header-display":"","ast-hfb-above-header-display":"","ast-hfb-below-header-display":"","ast-hfb-mobile-header-display":"","site-post-title":"disabled","ast-breadcrumbs-content":"","ast-featured-img":"disabled","footer-sml-layout":"","ast-disable-related-posts":"","theme-transparent-header-meta":"default","adv-header-id-meta":"","stick-header-meta":"default","header-above-stick-meta":"","header-main-stick-meta":"","header-below-stick-meta":"","astra-migrate-meta-layouts":"default","ast-page-background-enabled":"default","ast-page-background-meta":{"desktop":{"background-color":"","background-image":"","background-repeat":"repeat","background-position":"center center","background-size":"auto","background-attachment":"scroll","background-type":"","background-media":"","overlay-type":"","overlay-color":"","overlay-opacity":"","overlay-gradient":""},"tablet":{"background-color":"","background-image":"","background-repeat":"repeat","background-position":"center center","background-size":"auto","background-attachment":"scroll","background-type":"","background-media":"","overlay-type":"","overlay-color":"","overlay-opacity":"","overlay-gradient":""},"mobile":{"background-color":"","background-image":"","background-repeat":"repeat","background-position":"center center","background-size":"auto","background-attachment":"scroll","background-type":"","background-media":"","overlay-type":"","overlay-color":"","overlay-opacity":"","overlay-gradient":""}},"ast-content-background-meta":{"desktop":{"background-color":"var(--ast-global-color-5)","background-image":"","background-repeat":"repeat","background-position":"center center","background-size":"auto","background-attachment":"scroll","background-type":"","background-media":"","overlay-type":"","overlay-color":"","overlay-opacity":"","overlay-gradient":""},"tablet":{"background-color":"var(--ast-global-color-5)","background-image":"","background-repeat":"repeat","background-position":"center center","background-size":"auto","background-attachment":"scroll","background-type":"","background-media":"","overlay-type":"","overlay-color":"","overlay-opacity":"","overlay-gradient":""},"mobile":{"background-color":"var(--ast-global-color-5)","background-image":"","background-repeat":"repeat","background-position":"center center","background-size":"auto","background-attachment":"scroll","background-type":"","background-media":"","overlay-type":"","overlay-color":"","overlay-opacity":"","overlay-gradient":""}},"footnotes":""},"class_list":["post-1253","page","type-page","status-publish","hentry"],"_links":{"self":[{"href":"https:\/\/www.alfacap.ee\/fi\/wp-json\/wp\/v2\/pages\/1253","targetHints":{"allow":["GET"]}}],"collection":[{"href":"https:\/\/www.alfacap.ee\/fi\/wp-json\/wp\/v2\/pages"}],"about":[{"href":"https:\/\/www.alfacap.ee\/fi\/wp-json\/wp\/v2\/types\/page"}],"author":[{"embeddable":true,"href":"https:\/\/www.alfacap.ee\/fi\/wp-json\/wp\/v2\/users\/1"}],"replies":[{"embeddable":true,"href":"https:\/\/www.alfacap.ee\/fi\/wp-json\/wp\/v2\/comments?post=1253"}],"version-history":[{"count":4,"href":"https:\/\/www.alfacap.ee\/fi\/wp-json\/wp\/v2\/pages\/1253\/revisions"}],"predecessor-version":[{"id":1265,"href":"https:\/\/www.alfacap.ee\/fi\/wp-json\/wp\/v2\/pages\/1253\/revisions\/1265"}],"wp:attachment":[{"href":"https:\/\/www.alfacap.ee\/fi\/wp-json\/wp\/v2\/media?parent=1253"}],"curies":[{"name":"wp","href":"https:\/\/api.w.org\/{rel}","templated":true}]}}