{"id":1279,"date":"2019-04-17T09:01:12","date_gmt":"2019-04-17T07:01:12","guid":{"rendered":"https:\/\/www.alfacap.ee\/palvelut\/"},"modified":"2019-04-17T09:02:22","modified_gmt":"2019-04-17T07:02:22","slug":"palvelut","status":"publish","type":"page","link":"https:\/\/www.alfacap.ee\/fi\/palvelut\/","title":{"rendered":"Palvelut"},"content":{"rendered":"\t\t<div data-elementor-type=\"wp-post\" data-elementor-id=\"1279\" class=\"elementor elementor-1279 elementor-734\" data-elementor-post-type=\"page\">\n\t\t\t\t\t\t<section class=\"elementor-section elementor-top-section elementor-element elementor-element-c905006 elementor-reverse-mobile elementor-section-stretched elementor-section-boxed elementor-section-height-default elementor-section-height-default\" data-id=\"c905006\" data-element_type=\"section\" data-e-type=\"section\" data-settings=\"{&quot;background_background&quot;:&quot;gradient&quot;,&quot;stretch_section&quot;:&quot;section-stretched&quot;}\">\n\t\t\t\t\t\t<div class=\"elementor-container elementor-column-gap-no\">\n\t\t\t\t\t<div class=\"elementor-column elementor-col-50 elementor-top-column elementor-element elementor-element-0cce812\" data-id=\"0cce812\" data-element_type=\"column\" data-e-type=\"column\" data-settings=\"{&quot;background_background&quot;:&quot;classic&quot;}\">\n\t\t\t<div class=\"elementor-widget-wrap elementor-element-populated\">\n\t\t\t\t\t\t<section class=\"elementor-section elementor-inner-section elementor-element elementor-element-20bfbbc elementor-section-boxed elementor-section-height-default elementor-section-height-default\" data-id=\"20bfbbc\" data-element_type=\"section\" data-e-type=\"section\">\n\t\t\t\t\t\t<div class=\"elementor-container elementor-column-gap-default\">\n\t\t\t\t\t<div class=\"elementor-column elementor-col-100 elementor-inner-column elementor-element elementor-element-17b8847\" data-id=\"17b8847\" data-element_type=\"column\" data-e-type=\"column\">\n\t\t\t<div class=\"elementor-widget-wrap elementor-element-populated\">\n\t\t\t\t\t\t<div class=\"elementor-element elementor-element-6f1c8ab elementor-widget elementor-widget-image\" data-id=\"6f1c8ab\" data-element_type=\"widget\" data-e-type=\"widget\" data-widget_type=\"image.default\">\n\t\t\t\t<div class=\"elementor-widget-container\">\n\t\t\t\t\t\t\t\t\t\t\t\t\t\t\t<img decoding=\"async\" width=\"64\" height=\"64\" src=\"https:\/\/www.alfacap.ee\/wp-content\/uploads\/2019\/03\/tootmisjarelvalve.png\" class=\"attachment-full size-full wp-image-645\" alt=\"\" \/>\t\t\t\t\t\t\t\t\t\t\t\t\t\t\t<\/div>\n\t\t\t\t<\/div>\n\t\t\t\t<div class=\"elementor-element elementor-element-4890c66 elementor-widget elementor-widget-heading\" data-id=\"4890c66\" data-element_type=\"widget\" data-e-type=\"widget\" data-widget_type=\"heading.default\">\n\t\t\t\t<div class=\"elementor-widget-container\">\n\t\t\t\t\t<h2 class=\"elementor-heading-title elementor-size-default\">Tuotannonvalvonta <\/h2>\t\t\t\t<\/div>\n\t\t\t\t<\/div>\n\t\t\t\t<div class=\"elementor-element elementor-element-7b911cb elementor-widget elementor-widget-text-editor\" data-id=\"7b911cb\" data-element_type=\"widget\" data-e-type=\"widget\" data-widget_type=\"text-editor.default\">\n\t\t\t\t<div class=\"elementor-widget-container\">\n\t\t\t\t\t\t\t\t\t<p>Tuotannonvalvonta on valmistusprosessin valvomisen ja ohjaamisen palvelu.<\/p>\n<p>Valvoo tuotannon tapahtumien vaatimustenmukaisuutta ja aikataulujen noudattamista, tarkistaa asiakirjat.<\/p>\n<p>Viestitt\u00e4\u00e4 ja raportoi tuotannon tapahtumista ja antaa asiakkaalle riippumattoman ja asianmukaisen yleiskatsauksen sen hetken tapahtumista.<\/p>\n\t\t\t\t\t\t\t\t<\/div>\n\t\t\t\t<\/div>\n\t\t\t\t<div class=\"elementor-element elementor-element-0e09015 elementor-widget elementor-widget-image\" data-id=\"0e09015\" data-element_type=\"widget\" data-e-type=\"widget\" data-widget_type=\"image.default\">\n\t\t\t\t<div class=\"elementor-widget-container\">\n\t\t\t\t\t\t\t\t\t\t\t\t\t\t\t<img decoding=\"async\" width=\"64\" height=\"64\" src=\"https:\/\/www.alfacap.ee\/wp-content\/uploads\/2019\/03\/projektide-juhtimine.png\" class=\"attachment-full size-full wp-image-696\" alt=\"Projektinhallinta\" \/>\t\t\t\t\t\t\t\t\t\t\t\t\t\t\t<\/div>\n\t\t\t\t<\/div>\n\t\t\t\t<div class=\"elementor-element elementor-element-dce0bef elementor-widget elementor-widget-heading\" data-id=\"dce0bef\" data-element_type=\"widget\" data-e-type=\"widget\" data-widget_type=\"heading.default\">\n\t\t\t\t<div class=\"elementor-widget-container\">\n\t\t\t\t\t<h2 class=\"elementor-heading-title elementor-size-default\">Projektinhallinta <\/h2>\t\t\t\t<\/div>\n\t\t\t\t<\/div>\n\t\t\t\t<div class=\"elementor-element elementor-element-4c60b3e elementor-widget elementor-widget-text-editor\" data-id=\"4c60b3e\" data-element_type=\"widget\" data-e-type=\"widget\" data-widget_type=\"text-editor.default\">\n\t\t\t\t<div class=\"elementor-widget-container\">\n\t\t\t\t\t\t\t\t\t<p>Projektinhallinta auttaa menestyksellisesti toteuttamaan eri kokoluokan ja vaativuustason projekteja.<\/p>\n<p>Meid\u00e4n osaamisemme ja uusien haasteiden kohtaamisen taidot ovat luoneet runsaasti mahdollisuuksia hyvin monenlaisiin kansainv\u00e4lisiin hankkeisiin osallistumiseen, joista mainittakoon VKG \u00f6ljytehtaiden Petroter ja VKG Kaivoksien \u00f6ljyliuske sy\u00f6tt\u00f6j\u00e4rjestelmien kehitys- ja laajennushankkeet tai<\/p>\n<p>NOMO Jeans INC. projekti valmistustoiminnan siirt\u00e4miseen Kiinasta Viroon ja henkil\u00f6kohtaisten farkkujen ompelun kehitt\u00e4minen massatuotantona tai sitten Technip Flexi Francen hanke Kansainv\u00e4lisen valmistajan hyv\u00e4ksynt\u00e4 \u00f6ljyteollisuuden tarpeisiin taipuisien putkipuolien valmistajalle.<\/p>\n<p>Mutta projekti voi olla my\u00f6s pieni teht\u00e4v\u00e4, jonka asiantuntijoidemme on hallittava.<\/p>\n\t\t\t\t\t\t\t\t<\/div>\n\t\t\t\t<\/div>\n\t\t\t\t<div class=\"elementor-element elementor-element-d9b1d27 elementor-tablet-align-left elementor-mobile-align-center elementor-widget elementor-widget-button\" data-id=\"d9b1d27\" data-element_type=\"widget\" data-e-type=\"widget\" data-widget_type=\"button.default\">\n\t\t\t\t<div class=\"elementor-widget-container\">\n\t\t\t\t\t\t\t\t\t<div class=\"elementor-button-wrapper\">\n\t\t\t\t\t<a class=\"elementor-button elementor-button-link elementor-size-sm elementor-animation-float\" href=\"https:\/\/www.alfacap.ee\/fi\/yhteystiedot\/\">\n\t\t\t\t\t\t<span class=\"elementor-button-content-wrapper\">\n\t\t\t\t\t\t\t\t\t<span class=\"elementor-button-text\">Ota yhteytt\u00e4 &raquo;<\/span>\n\t\t\t\t\t<\/span>\n\t\t\t\t\t<\/a>\n\t\t\t\t<\/div>\n\t\t\t\t\t\t\t\t<\/div>\n\t\t\t\t<\/div>\n\t\t\t\t\t<\/div>\n\t\t<\/div>\n\t\t\t\t\t<\/div>\n\t\t<\/section>\n\t\t\t\t\t<\/div>\n\t\t<\/div>\n\t\t\t\t<div class=\"elementor-column elementor-col-50 elementor-top-column elementor-element elementor-element-925f67a\" data-id=\"925f67a\" data-element_type=\"column\" data-e-type=\"column\" data-settings=\"{&quot;background_background&quot;:&quot;classic&quot;}\">\n\t\t\t<div class=\"elementor-widget-wrap elementor-element-populated\">\n\t\t\t\t\t<div class=\"elementor-background-overlay\"><\/div>\n\t\t\t\t\t\t<section class=\"elementor-section elementor-inner-section elementor-element elementor-element-decbe73 elementor-section-boxed elementor-section-height-default elementor-section-height-default\" data-id=\"decbe73\" data-element_type=\"section\" data-e-type=\"section\">\n\t\t\t\t\t\t<div class=\"elementor-container elementor-column-gap-default\">\n\t\t\t\t\t<div class=\"elementor-column elementor-col-100 elementor-inner-column elementor-element elementor-element-a987c16\" data-id=\"a987c16\" data-element_type=\"column\" data-e-type=\"column\">\n\t\t\t<div class=\"elementor-widget-wrap elementor-element-populated\">\n\t\t\t\t\t\t<div class=\"elementor-element elementor-element-41f52b6 elementor-widget elementor-widget-image\" data-id=\"41f52b6\" data-element_type=\"widget\" data-e-type=\"widget\" data-widget_type=\"image.default\">\n\t\t\t\t<div class=\"elementor-widget-container\">\n\t\t\t\t\t\t\t\t\t\t\t\t\t\t\t<img decoding=\"async\" width=\"64\" height=\"64\" src=\"https:\/\/www.alfacap.ee\/wp-content\/uploads\/2019\/03\/kvaliteedikontroll.png\" class=\"attachment-full size-full wp-image-668\" alt=\"Laatutarkastus\" \/>\t\t\t\t\t\t\t\t\t\t\t\t\t\t\t<\/div>\n\t\t\t\t<\/div>\n\t\t\t\t<div class=\"elementor-element elementor-element-be2d941 elementor-widget elementor-widget-heading\" data-id=\"be2d941\" data-element_type=\"widget\" data-e-type=\"widget\" data-widget_type=\"heading.default\">\n\t\t\t\t<div class=\"elementor-widget-container\">\n\t\t\t\t\t<h2 class=\"elementor-heading-title elementor-size-default\">Laatutarkastus<\/h2>\t\t\t\t<\/div>\n\t\t\t\t<\/div>\n\t\t\t\t<div class=\"elementor-element elementor-element-075116f elementor-widget elementor-widget-text-editor\" data-id=\"075116f\" data-element_type=\"widget\" data-e-type=\"widget\" data-widget_type=\"text-editor.default\">\n\t\t\t\t<div class=\"elementor-widget-container\">\n\t\t\t\t\t\t\t\t\t<p>Laatutarkastus takaa tuotteiden standardien ja erikoisvaatimusten t\u00e4ytt\u00e4misen.<\/p>\n<p>Meid\u00e4n tarjoama palvelu ei rajoitu pelk\u00e4st\u00e4\u00e4n valmistettujen komponenttien vaatimustenmukaisuuden arvioimiseen, vaan pystymme edustamaan meid\u00e4n asiakkaitamme my\u00f6s erilaisten rakenteiden ja laitteiden hyv\u00e4ksynt\u00e4prosesseissa.<\/p>\n<p>Olemme eri toimialoilla viime 10 vuoden aikana hankittujen laajojen kokemusten nojalla toimineet menestyksekk\u00e4\u00e4sti tilaajan edustajana useiden erikoislaitteiden valmistajan tiloissa tapahtuvissa lopputarkastuksissa.<\/p>\n\t\t\t\t\t\t\t\t<\/div>\n\t\t\t\t<\/div>\n\t\t\t\t<div class=\"elementor-element elementor-element-f19809d elementor-widget elementor-widget-image\" data-id=\"f19809d\" data-element_type=\"widget\" data-e-type=\"widget\" data-widget_type=\"image.default\">\n\t\t\t\t<div class=\"elementor-widget-container\">\n\t\t\t\t\t\t\t\t\t\t\t\t\t\t\t<img loading=\"lazy\" decoding=\"async\" width=\"64\" height=\"64\" src=\"https:\/\/www.alfacap.ee\/wp-content\/uploads\/2019\/03\/001-partner.png\" class=\"attachment-full size-full wp-image-732\" alt=\"\" \/>\t\t\t\t\t\t\t\t\t\t\t\t\t\t\t<\/div>\n\t\t\t\t<\/div>\n\t\t\t\t<div class=\"elementor-element elementor-element-8d490e8 elementor-widget elementor-widget-heading\" data-id=\"8d490e8\" data-element_type=\"widget\" data-e-type=\"widget\" data-widget_type=\"heading.default\">\n\t\t\t\t<div class=\"elementor-widget-container\">\n\t\t\t\t\t<h2 class=\"elementor-heading-title elementor-size-default\">Konsultointi<\/h2>\t\t\t\t<\/div>\n\t\t\t\t<\/div>\n\t\t\t\t<div class=\"elementor-element elementor-element-bc280cf elementor-widget elementor-widget-text-editor\" data-id=\"bc280cf\" data-element_type=\"widget\" data-e-type=\"widget\" data-widget_type=\"text-editor.default\">\n\t\t\t\t<div class=\"elementor-widget-container\">\n\t\t\t\t\t\t\t\t\t<p>Konsultoinnit helpottavat tilaajien toimintaa heille vieraassa ymp\u00e4rist\u00f6ss\u00e4.<\/p>\n<p>Meid\u00e4n t\u00e4rkeimpin\u00e4 asiakkaina ovat yritykset, jotka hakevat yhteisty\u00f6mahdollisuuksia l\u00e4hinn\u00e4 EU-maissa, mutta olemme tarjonneet palveluitamme my\u00f6s L\u00e4hi-Id\u00e4ss\u00e4 toimiville asiakkaille.<\/p>\n\t\t\t\t\t\t\t\t<\/div>\n\t\t\t\t<\/div>\n\t\t\t\t\t<\/div>\n\t\t<\/div>\n\t\t\t\t\t<\/div>\n\t\t<\/section>\n\t\t\t\t\t<\/div>\n\t\t<\/div>\n\t\t\t\t\t<\/div>\n\t\t<\/section>\n\t\t\t\t<\/div>\n\t\t","protected":false},"excerpt":{"rendered":"<p>Tuotannonvalvonta Tuotannonvalvonta on valmistusprosessin valvomisen ja ohjaamisen palvelu. Valvoo tuotannon tapahtumien vaatimustenmukaisuutta ja aikataulujen noudattamista, tarkistaa asiakirjat. Viestitt\u00e4\u00e4 ja raportoi tuotannon tapahtumista ja antaa asiakkaalle riippumattoman ja asianmukaisen yleiskatsauksen sen hetken tapahtumista. Projektinhallinta Projektinhallinta auttaa menestyksellisesti toteuttamaan eri kokoluokan ja vaativuustason projekteja. Meid\u00e4n osaamisemme ja uusien haasteiden kohtaamisen taidot ovat luoneet runsaasti mahdollisuuksia hyvin monenlaisiin [&hellip;]<\/p>\n","protected":false},"author":1,"featured_media":0,"parent":0,"menu_order":0,"comment_status":"closed","ping_status":"closed","template":"","meta":{"_seopress_robots_primary_cat":"","_seopress_titles_title":"Tuotannonvalvonta. Laatutarkastus. Projektinhallinta","_seopress_titles_desc":"Tuotannonvalvonta- Laatutarkastus. Projektinhallinta. Konsultointi. Pitk\u00e4aikainen kokemus kehitys- ja teollisuusprojektien toteuttamisesta. ALFACAP GRUPP OY","_seopress_robots_index":"","site-sidebar-layout":"default","site-content-layout":"page-builder","ast-site-content-layout":"default","site-content-style":"default","site-sidebar-style":"default","ast-global-header-display":"","ast-banner-title-visibility":"","ast-main-header-display":"","ast-hfb-above-header-display":"","ast-hfb-below-header-display":"","ast-hfb-mobile-header-display":"","site-post-title":"disabled","ast-breadcrumbs-content":"","ast-featured-img":"","footer-sml-layout":"","ast-disable-related-posts":"","theme-transparent-header-meta":"default","adv-header-id-meta":"","stick-header-meta":"default","header-above-stick-meta":"","header-main-stick-meta":"","header-below-stick-meta":"","astra-migrate-meta-layouts":"default","ast-page-background-enabled":"default","ast-page-background-meta":{"desktop":{"background-color":"","background-image":"","background-repeat":"repeat","background-position":"center center","background-size":"auto","background-attachment":"scroll","background-type":"","background-media":"","overlay-type":"","overlay-color":"","overlay-opacity":"","overlay-gradient":""},"tablet":{"background-color":"","background-image":"","background-repeat":"repeat","background-position":"center center","background-size":"auto","background-attachment":"scroll","background-type":"","background-media":"","overlay-type":"","overlay-color":"","overlay-opacity":"","overlay-gradient":""},"mobile":{"background-color":"","background-image":"","background-repeat":"repeat","background-position":"center center","background-size":"auto","background-attachment":"scroll","background-type":"","background-media":"","overlay-type":"","overlay-color":"","overlay-opacity":"","overlay-gradient":""}},"ast-content-background-meta":{"desktop":{"background-color":"var(--ast-global-color-5)","background-image":"","background-repeat":"repeat","background-position":"center center","background-size":"auto","background-attachment":"scroll","background-type":"","background-media":"","overlay-type":"","overlay-color":"","overlay-opacity":"","overlay-gradient":""},"tablet":{"background-color":"var(--ast-global-color-5)","background-image":"","background-repeat":"repeat","background-position":"center center","background-size":"auto","background-attachment":"scroll","background-type":"","background-media":"","overlay-type":"","overlay-color":"","overlay-opacity":"","overlay-gradient":""},"mobile":{"background-color":"var(--ast-global-color-5)","background-image":"","background-repeat":"repeat","background-position":"center center","background-size":"auto","background-attachment":"scroll","background-type":"","background-media":"","overlay-type":"","overlay-color":"","overlay-opacity":"","overlay-gradient":""}},"footnotes":""},"class_list":["post-1279","page","type-page","status-publish","hentry"],"_links":{"self":[{"href":"https:\/\/www.alfacap.ee\/fi\/wp-json\/wp\/v2\/pages\/1279","targetHints":{"allow":["GET"]}}],"collection":[{"href":"https:\/\/www.alfacap.ee\/fi\/wp-json\/wp\/v2\/pages"}],"about":[{"href":"https:\/\/www.alfacap.ee\/fi\/wp-json\/wp\/v2\/types\/page"}],"author":[{"embeddable":true,"href":"https:\/\/www.alfacap.ee\/fi\/wp-json\/wp\/v2\/users\/1"}],"replies":[{"embeddable":true,"href":"https:\/\/www.alfacap.ee\/fi\/wp-json\/wp\/v2\/comments?post=1279"}],"version-history":[{"count":3,"href":"https:\/\/www.alfacap.ee\/fi\/wp-json\/wp\/v2\/pages\/1279\/revisions"}],"predecessor-version":[{"id":1282,"href":"https:\/\/www.alfacap.ee\/fi\/wp-json\/wp\/v2\/pages\/1279\/revisions\/1282"}],"wp:attachment":[{"href":"https:\/\/www.alfacap.ee\/fi\/wp-json\/wp\/v2\/media?parent=1279"}],"curies":[{"name":"wp","href":"https:\/\/api.w.org\/{rel}","templated":true}]}}