{"id":1283,"date":"2019-04-17T09:03:24","date_gmt":"2019-04-17T07:03:24","guid":{"rendered":"https:\/\/www.alfacap.ee\/tuotannonvalvonta\/"},"modified":"2019-04-17T09:04:07","modified_gmt":"2019-04-17T07:04:07","slug":"tuotannonvalvonta","status":"publish","type":"page","link":"https:\/\/www.alfacap.ee\/fi\/tuotannonvalvonta\/","title":{"rendered":"Tuotannonvalvonta"},"content":{"rendered":"\t\t<div data-elementor-type=\"wp-post\" data-elementor-id=\"1283\" class=\"elementor elementor-1283 elementor-580\" data-elementor-post-type=\"page\">\n\t\t\t\t\t\t<section class=\"elementor-section elementor-top-section elementor-element elementor-element-57143b1 elementor-section-content-middle elementor-reverse-mobile elementor-section-stretched elementor-section-boxed elementor-section-height-default elementor-section-height-default\" data-id=\"57143b1\" data-element_type=\"section\" data-e-type=\"section\" data-settings=\"{&quot;background_background&quot;:&quot;gradient&quot;,&quot;stretch_section&quot;:&quot;section-stretched&quot;}\">\n\t\t\t\t\t\t<div class=\"elementor-container elementor-column-gap-no\">\n\t\t\t\t\t<div class=\"elementor-column elementor-col-50 elementor-top-column elementor-element elementor-element-8d71e88\" data-id=\"8d71e88\" data-element_type=\"column\" data-e-type=\"column\" data-settings=\"{&quot;background_background&quot;:&quot;classic&quot;}\">\n\t\t\t<div class=\"elementor-widget-wrap elementor-element-populated\">\n\t\t\t\t\t\t<section class=\"elementor-section elementor-inner-section elementor-element elementor-element-8fcceea elementor-section-boxed elementor-section-height-default elementor-section-height-default\" data-id=\"8fcceea\" data-element_type=\"section\" data-e-type=\"section\">\n\t\t\t\t\t\t<div class=\"elementor-container elementor-column-gap-default\">\n\t\t\t\t\t<div class=\"elementor-column elementor-col-100 elementor-inner-column elementor-element elementor-element-f0d835e\" data-id=\"f0d835e\" data-element_type=\"column\" data-e-type=\"column\">\n\t\t\t<div class=\"elementor-widget-wrap elementor-element-populated\">\n\t\t\t\t\t\t<div class=\"elementor-element elementor-element-a7f187f elementor-widget elementor-widget-image\" data-id=\"a7f187f\" data-element_type=\"widget\" data-e-type=\"widget\" data-widget_type=\"image.default\">\n\t\t\t\t<div class=\"elementor-widget-container\">\n\t\t\t\t\t\t\t\t\t\t\t\t\t\t\t<img decoding=\"async\" width=\"64\" height=\"64\" src=\"https:\/\/www.alfacap.ee\/wp-content\/uploads\/2019\/03\/tootmisjarelvalve.png\" class=\"attachment-full size-full wp-image-645\" alt=\"\" \/>\t\t\t\t\t\t\t\t\t\t\t\t\t\t\t<\/div>\n\t\t\t\t<\/div>\n\t\t\t\t<div class=\"elementor-element elementor-element-2d667ea elementor-widget elementor-widget-heading\" data-id=\"2d667ea\" data-element_type=\"widget\" data-e-type=\"widget\" data-widget_type=\"heading.default\">\n\t\t\t\t<div class=\"elementor-widget-container\">\n\t\t\t\t\t<h2 class=\"elementor-heading-title elementor-size-default\">Tuotannonvalvonta <\/h2>\t\t\t\t<\/div>\n\t\t\t\t<\/div>\n\t\t\t\t<div class=\"elementor-element elementor-element-04ea27b elementor-widget elementor-widget-text-editor\" data-id=\"04ea27b\" data-element_type=\"widget\" data-e-type=\"widget\" data-widget_type=\"text-editor.default\">\n\t\t\t\t<div class=\"elementor-widget-container\">\n\t\t\t\t\t\t\t\t\t<p>Tuotannonvalvonta on valmistusprosessin valvomisen ja ohjaamisen palvelu.<\/p>\n<p>Valvoo tuotannon tapahtumien vaatimustenmukaisuutta ja aikataulujen noudattamista, tarkistaa asiakirjat.<\/p>\n<p>Viestitt\u00e4\u00e4 ja raportoi tuotannon tapahtumista ja antaa asiakkaalle riippumattoman ja asianmukaisen yleiskatsauksen sen hetken tapahtumista.<\/p>\n\t\t\t\t\t\t\t\t<\/div>\n\t\t\t\t<\/div>\n\t\t\t\t<div class=\"elementor-element elementor-element-addea50 elementor-tablet-align-left elementor-mobile-align-center elementor-widget elementor-widget-button\" data-id=\"addea50\" data-element_type=\"widget\" data-e-type=\"widget\" data-widget_type=\"button.default\">\n\t\t\t\t<div class=\"elementor-widget-container\">\n\t\t\t\t\t\t\t\t\t<div class=\"elementor-button-wrapper\">\n\t\t\t\t\t<a class=\"elementor-button elementor-button-link elementor-size-sm elementor-animation-float\" href=\"https:\/\/www.alfacap.ee\/fi\/yhteystiedot\/\">\n\t\t\t\t\t\t<span class=\"elementor-button-content-wrapper\">\n\t\t\t\t\t\t\t\t\t<span class=\"elementor-button-text\">Ota yhteytt\u00e4 &raquo;<\/span>\n\t\t\t\t\t<\/span>\n\t\t\t\t\t<\/a>\n\t\t\t\t<\/div>\n\t\t\t\t\t\t\t\t<\/div>\n\t\t\t\t<\/div>\n\t\t\t\t\t<\/div>\n\t\t<\/div>\n\t\t\t\t\t<\/div>\n\t\t<\/section>\n\t\t\t\t\t<\/div>\n\t\t<\/div>\n\t\t\t\t<div class=\"elementor-column elementor-col-50 elementor-top-column elementor-element elementor-element-e1856a9\" data-id=\"e1856a9\" data-element_type=\"column\" data-e-type=\"column\" data-settings=\"{&quot;background_background&quot;:&quot;classic&quot;}\">\n\t\t\t<div class=\"elementor-widget-wrap elementor-element-populated\">\n\t\t\t\t\t<div class=\"elementor-background-overlay\"><\/div>\n\t\t\t\t\t\t<div class=\"elementor-element elementor-element-584a290 eael-fg-hoverer-content-align-center elementor-hidden-phone elementor-widget elementor-widget-eael-filterable-gallery\" data-id=\"584a290\" data-element_type=\"widget\" data-e-type=\"widget\" data-settings=\"{&quot;photo_gallery&quot;:&quot;yes&quot;,&quot;pagination&quot;:&quot;false&quot;}\" data-widget_type=\"eael-filterable-gallery.default\">\n\t\t\t\t<div class=\"elementor-widget-container\">\n\t\t\t\t\t<style id=\"eael-fg-inline-css-584a290\">@media only screen and (max-width: 2399px) {\n\t\t\t\t\t.elementor-element.elementor-element-584a290 .eael-filterable-gallery-item-wrap {\n\t\t\t\t\t        width: 50%;\n\t\t\t\t\t    }\n\t\t\t\t\t}@media only screen and (max-width: 1024px) {\n\t\t\t\t\t.elementor-element.elementor-element-584a290  .eael-filterable-gallery-item-wrap {\n\t\t\t\t\t        width: 50%;\n\t\t\t\t\t    }\n\t\t\t\t\t}@media only screen and (max-width: 767px) {\n\t\t\t\t\t.elementor-element.elementor-element-584a290  .eael-filterable-gallery-item-wrap {\n\t\t\t\t\t        width: 100%;\n\t\t\t\t\t    }\n\t\t\t\t\t}<\/style>        <div id=\"eael-filter-gallery-wrapper-584a290\" class=\"eael-filter-gallery-wrapper\" data-layout-mode=\"hoverer\" data-breakpoints=\"{&quot;mobile&quot;:{&quot;label&quot;:&quot;Mobiili pystyss\\u00e4&quot;,&quot;value&quot;:767,&quot;default_value&quot;:767,&quot;direction&quot;:&quot;max&quot;,&quot;is_enabled&quot;:true},&quot;mobile_extra&quot;:{&quot;label&quot;:&quot;Mobiili vaakasuunnassa&quot;,&quot;value&quot;:880,&quot;default_value&quot;:880,&quot;direction&quot;:&quot;max&quot;,&quot;is_enabled&quot;:false},&quot;tablet&quot;:{&quot;label&quot;:&quot;Tablet Portrait&quot;,&quot;value&quot;:1024,&quot;default_value&quot;:1024,&quot;direction&quot;:&quot;max&quot;,&quot;is_enabled&quot;:true},&quot;tablet_extra&quot;:{&quot;label&quot;:&quot;Tablet Landscape&quot;,&quot;value&quot;:1200,&quot;default_value&quot;:1200,&quot;direction&quot;:&quot;max&quot;,&quot;is_enabled&quot;:false},&quot;laptop&quot;:{&quot;label&quot;:&quot;Kannettava tietokone&quot;,&quot;value&quot;:1366,&quot;default_value&quot;:1366,&quot;direction&quot;:&quot;max&quot;,&quot;is_enabled&quot;:false},&quot;widescreen&quot;:{&quot;label&quot;:&quot;Widescreen&quot;,&quot;value&quot;:2400,&quot;default_value&quot;:2400,&quot;direction&quot;:&quot;min&quot;,&quot;is_enabled&quot;:false}}\" data-default_control_key=\"0\" data-custom_default_control=\"1\">\n                    <div class=\"eael-filter-gallery-container eael-filter-gallery-grid\" data-images-per-page=\"\" data-total-gallery-items=\"4\" data-nomore-item-text=\"\" data-is-randomize=\"no\" data-settings=\"{&quot;grid_style&quot;:&quot;grid&quot;,&quot;popup&quot;:&quot;media&quot;,&quot;duration&quot;:500,&quot;gallery_enabled&quot;:&quot;yes&quot;,&quot;video_gallery_yt_privacy&quot;:&quot;&quot;,&quot;control_all_text&quot;:null,&quot;post_id&quot;:1283,&quot;widget_id&quot;:&quot;584a290&quot;}\" data-search-all=\"\" data-gallery-items=\"WyI8ZGl2IGNsYXNzPVwiZWFlbC1maWx0ZXJhYmxlLWdhbGxlcnktaXRlbS13cmFwXCI+XG5cdFx0XHRcdDxkaXYgY2xhc3M9XCJlYWVsLWdhbGxlcnktZ3JpZC1pdGVtXCI+PGRpdiBjbGFzcz1cImdhbGxlcnktaXRlbS10aHVtYm5haWwtd3JhcFwiPjxpbWcgd2lkdGg9XCIzMDBcIiBoZWlnaHQ9XCIxMTZcIiBzcmM9XCJodHRwczpcL1wvd3d3LmFsZmFjYXAuZWVcL3dwLWNvbnRlbnRcL3VwbG9hZHNcLzIwMTlcLzAzXC9kZWxpdmVyeS0xLTMwMHgxMTYuanBnXCIgY2xhc3M9XCJhdHRhY2htZW50LW1lZGl1bSBzaXplLW1lZGl1bSB3cC1pbWFnZS01OTZcIiBhbHQ9XCJUb290bWlzalx1MDBlNHJlbGV2YWx2ZVwiIHNyY3NldD1cImh0dHBzOlwvXC93d3cuYWxmYWNhcC5lZVwvd3AtY29udGVudFwvdXBsb2Fkc1wvMjAxOVwvMDNcL2RlbGl2ZXJ5LTEtMzAweDExNi5qcGcgMzAwdywgaHR0cHM6XC9cL3d3dy5hbGZhY2FwLmVlXC93cC1jb250ZW50XC91cGxvYWRzXC8yMDE5XC8wM1wvZGVsaXZlcnktMS03Njh4Mjk2LmpwZyA3Njh3LCBodHRwczpcL1wvd3d3LmFsZmFjYXAuZWVcL3dwLWNvbnRlbnRcL3VwbG9hZHNcLzIwMTlcLzAzXC9kZWxpdmVyeS0xLTEwMjR4Mzk1LmpwZyAxMDI0dywgaHR0cHM6XC9cL3d3dy5hbGZhY2FwLmVlXC93cC1jb250ZW50XC91cGxvYWRzXC8yMDE5XC8wM1wvZGVsaXZlcnktMS5qcGcgMTIwMHdcIiBzaXplcz1cIihtYXgtd2lkdGg6IDMwMHB4KSAxMDB2dywgMzAwcHhcIiBcLz48XC9kaXY+PGEgYXJlYS1oaWRkZW49XCJ0cnVlXCIgYXJpYS1sYWJlbD1cImVhZWwtbWFnbmlmaWMtbGlua1wiIGhyZWY9XCJodHRwczpcL1wvd3d3LmFsZmFjYXAuZWVcL3dwLWNvbnRlbnRcL3VwbG9hZHNcLzIwMTlcLzAzXC9kZWxpdmVyeS0xLmpwZ1wiIGNsYXNzPVwiZWFlbC1tYWduaWZpYy1saW5rIGVhZWwtbWFnbmlmaWMtbGluay1jbG9uZSBhY3RpdmUgbWVkaWEtY29udGVudC13cmFwXCIgZGF0YS1lbGVtZW50b3Itb3Blbi1saWdodGJveD1cInllc1wiIHRpdGxlPVwiXCI+PGRpdiBjbGFzcz1cImdhbGxlcnktaXRlbS1jYXB0aW9uLXdyYXAgY2FwdGlvbi1zdHlsZS1ob3ZlcmVyIGVhZWwtc2xpZGUtdXBcIj48ZGl2IGNsYXNzPVwiZ2FsbGVyeS1pdGVtLWhvdmVyZXItYmdcIj48XC9kaXY+PGRpdiBjbGFzcz1cImdhbGxlcnktaXRlbS1jYXB0aW9uLW92ZXJcIj48aDIgY2xhc3M9XCJmZy1pdGVtLXRpdGxlXCI+VG9vdG1pc2pcdTAwZTRyZWx2YWx2ZTxcL2gyPjxcL2Rpdj48XC9kaXY+PFwvYT48XC9kaXY+PFwvZGl2PiIsIjxkaXYgY2xhc3M9XCJlYWVsLWZpbHRlcmFibGUtZ2FsbGVyeS1pdGVtLXdyYXBcIj5cblx0XHRcdFx0PGRpdiBjbGFzcz1cImVhZWwtZ2FsbGVyeS1ncmlkLWl0ZW1cIj48ZGl2IGNsYXNzPVwiZ2FsbGVyeS1pdGVtLXRodW1ibmFpbC13cmFwXCI+PGltZyB3aWR0aD1cIjMwMFwiIGhlaWdodD1cIjIyNVwiIHNyYz1cImh0dHBzOlwvXC93d3cuYWxmYWNhcC5lZVwvd3AtY29udGVudFwvdXBsb2Fkc1wvMjAxOVwvMDNcL3ZrZy1lbmVyZ3ktMzAweDIyNS5qcGdcIiBjbGFzcz1cImF0dGFjaG1lbnQtbWVkaXVtIHNpemUtbWVkaXVtIHdwLWltYWdlLTYxNFwiIGFsdD1cIlwiIHNyY3NldD1cImh0dHBzOlwvXC93d3cuYWxmYWNhcC5lZVwvd3AtY29udGVudFwvdXBsb2Fkc1wvMjAxOVwvMDNcL3ZrZy1lbmVyZ3ktMzAweDIyNS5qcGcgMzAwdywgaHR0cHM6XC9cL3d3dy5hbGZhY2FwLmVlXC93cC1jb250ZW50XC91cGxvYWRzXC8yMDE5XC8wM1wvdmtnLWVuZXJneS03Njh4NTc2LmpwZyA3Njh3LCBodHRwczpcL1wvd3d3LmFsZmFjYXAuZWVcL3dwLWNvbnRlbnRcL3VwbG9hZHNcLzIwMTlcLzAzXC92a2ctZW5lcmd5LTEwMjR4NzY4LmpwZyAxMDI0dywgaHR0cHM6XC9cL3d3dy5hbGZhY2FwLmVlXC93cC1jb250ZW50XC91cGxvYWRzXC8yMDE5XC8wM1wvdmtnLWVuZXJneS5qcGcgMTIwMHdcIiBzaXplcz1cIihtYXgtd2lkdGg6IDMwMHB4KSAxMDB2dywgMzAwcHhcIiBcLz48XC9kaXY+PGEgYXJlYS1oaWRkZW49XCJ0cnVlXCIgYXJpYS1sYWJlbD1cImVhZWwtbWFnbmlmaWMtbGlua1wiIGhyZWY9XCJodHRwczpcL1wvd3d3LmFsZmFjYXAuZWVcL3dwLWNvbnRlbnRcL3VwbG9hZHNcLzIwMTlcLzAzXC92a2ctZW5lcmd5LmpwZ1wiIGNsYXNzPVwiZWFlbC1tYWduaWZpYy1saW5rIGVhZWwtbWFnbmlmaWMtbGluay1jbG9uZSBhY3RpdmUgbWVkaWEtY29udGVudC13cmFwXCIgZGF0YS1lbGVtZW50b3Itb3Blbi1saWdodGJveD1cInllc1wiIHRpdGxlPVwiXCI+PGRpdiBjbGFzcz1cImdhbGxlcnktaXRlbS1jYXB0aW9uLXdyYXAgY2FwdGlvbi1zdHlsZS1ob3ZlcmVyIGVhZWwtc2xpZGUtdXBcIj48ZGl2IGNsYXNzPVwiZ2FsbGVyeS1pdGVtLWhvdmVyZXItYmdcIj48XC9kaXY+PGRpdiBjbGFzcz1cImdhbGxlcnktaXRlbS1jYXB0aW9uLW92ZXJcIj48aDIgY2xhc3M9XCJmZy1pdGVtLXRpdGxlXCI+VG9vdG1pc2pcdTAwZTRyZWx2YWx2ZTxcL2gyPjxcL2Rpdj48XC9kaXY+PFwvYT48XC9kaXY+PFwvZGl2PiIsIjxkaXYgY2xhc3M9XCJlYWVsLWZpbHRlcmFibGUtZ2FsbGVyeS1pdGVtLXdyYXBcIj5cblx0XHRcdFx0PGRpdiBjbGFzcz1cImVhZWwtZ2FsbGVyeS1ncmlkLWl0ZW1cIj48ZGl2IGNsYXNzPVwiZ2FsbGVyeS1pdGVtLXRodW1ibmFpbC13cmFwXCI+PGltZyB3aWR0aD1cIjMwMFwiIGhlaWdodD1cIjE2OVwiIHNyYz1cImh0dHBzOlwvXC93d3cuYWxmYWNhcC5lZVwvd3AtY29udGVudFwvdXBsb2Fkc1wvMjAxOVwvMDNcL2ltZy0yMDE1MDgyNy0xNDA4MzItMzAweDE2OS5qcGdcIiBjbGFzcz1cImF0dGFjaG1lbnQtbWVkaXVtIHNpemUtbWVkaXVtIHdwLWltYWdlLTYxMVwiIGFsdD1cIlwiIHNyY3NldD1cImh0dHBzOlwvXC93d3cuYWxmYWNhcC5lZVwvd3AtY29udGVudFwvdXBsb2Fkc1wvMjAxOVwvMDNcL2ltZy0yMDE1MDgyNy0xNDA4MzItMzAweDE2OS5qcGcgMzAwdywgaHR0cHM6XC9cL3d3dy5hbGZhY2FwLmVlXC93cC1jb250ZW50XC91cGxvYWRzXC8yMDE5XC8wM1wvaW1nLTIwMTUwODI3LTE0MDgzMi03Njh4NDMxLmpwZyA3Njh3LCBodHRwczpcL1wvd3d3LmFsZmFjYXAuZWVcL3dwLWNvbnRlbnRcL3VwbG9hZHNcLzIwMTlcLzAzXC9pbWctMjAxNTA4MjctMTQwODMyLTEwMjR4NTc1LmpwZyAxMDI0dywgaHR0cHM6XC9cL3d3dy5hbGZhY2FwLmVlXC93cC1jb250ZW50XC91cGxvYWRzXC8yMDE5XC8wM1wvaW1nLTIwMTUwODI3LTE0MDgzMi5qcGcgMTIwMHdcIiBzaXplcz1cIihtYXgtd2lkdGg6IDMwMHB4KSAxMDB2dywgMzAwcHhcIiBcLz48XC9kaXY+PGEgYXJlYS1oaWRkZW49XCJ0cnVlXCIgYXJpYS1sYWJlbD1cImVhZWwtbWFnbmlmaWMtbGlua1wiIGhyZWY9XCJodHRwczpcL1wvd3d3LmFsZmFjYXAuZWVcL3dwLWNvbnRlbnRcL3VwbG9hZHNcLzIwMTlcLzAzXC9pbWctMjAxNTA4MjctMTQwODMyLmpwZ1wiIGNsYXNzPVwiZWFlbC1tYWduaWZpYy1saW5rIGVhZWwtbWFnbmlmaWMtbGluay1jbG9uZSBhY3RpdmUgbWVkaWEtY29udGVudC13cmFwXCIgZGF0YS1lbGVtZW50b3Itb3Blbi1saWdodGJveD1cInllc1wiIHRpdGxlPVwiXCI+PGRpdiBjbGFzcz1cImdhbGxlcnktaXRlbS1jYXB0aW9uLXdyYXAgY2FwdGlvbi1zdHlsZS1ob3ZlcmVyIGVhZWwtc2xpZGUtdXBcIj48ZGl2IGNsYXNzPVwiZ2FsbGVyeS1pdGVtLWhvdmVyZXItYmdcIj48XC9kaXY+PGRpdiBjbGFzcz1cImdhbGxlcnktaXRlbS1jYXB0aW9uLW92ZXJcIj48aDIgY2xhc3M9XCJmZy1pdGVtLXRpdGxlXCI+VG9vdG1pc2pcdTAwZTRyZWx2YWx2ZTxcL2gyPjxcL2Rpdj48XC9kaXY+PFwvYT48XC9kaXY+PFwvZGl2PiIsIjxkaXYgY2xhc3M9XCJlYWVsLWZpbHRlcmFibGUtZ2FsbGVyeS1pdGVtLXdyYXBcIj5cblx0XHRcdFx0PGRpdiBjbGFzcz1cImVhZWwtZ2FsbGVyeS1ncmlkLWl0ZW1cIj48ZGl2IGNsYXNzPVwiZ2FsbGVyeS1pdGVtLXRodW1ibmFpbC13cmFwXCI+PGltZyB3aWR0aD1cIjIyNVwiIGhlaWdodD1cIjMwMFwiIHNyYz1cImh0dHBzOlwvXC93d3cuYWxmYWNhcC5lZVwvd3AtY29udGVudFwvdXBsb2Fkc1wvMjAxOVwvMDNcL2RzY244NTUxLTIyNXgzMDAuanBnXCIgY2xhc3M9XCJhdHRhY2htZW50LW1lZGl1bSBzaXplLW1lZGl1bSB3cC1pbWFnZS02MDhcIiBhbHQ9XCJcIiBzcmNzZXQ9XCJodHRwczpcL1wvd3d3LmFsZmFjYXAuZWVcL3dwLWNvbnRlbnRcL3VwbG9hZHNcLzIwMTlcLzAzXC9kc2NuODU1MS0yMjV4MzAwLmpwZyAyMjV3LCBodHRwczpcL1wvd3d3LmFsZmFjYXAuZWVcL3dwLWNvbnRlbnRcL3VwbG9hZHNcLzIwMTlcLzAzXC9kc2NuODU1MS5qcGcgNzY4d1wiIHNpemVzPVwiKG1heC13aWR0aDogMjI1cHgpIDEwMHZ3LCAyMjVweFwiIFwvPjxcL2Rpdj48YSBhcmVhLWhpZGRlbj1cInRydWVcIiBhcmlhLWxhYmVsPVwiZWFlbC1tYWduaWZpYy1saW5rXCIgaHJlZj1cImh0dHBzOlwvXC93d3cuYWxmYWNhcC5lZVwvd3AtY29udGVudFwvdXBsb2Fkc1wvMjAxOVwvMDNcL2RzY244NTUxLmpwZ1wiIGNsYXNzPVwiZWFlbC1tYWduaWZpYy1saW5rIGVhZWwtbWFnbmlmaWMtbGluay1jbG9uZSBhY3RpdmUgbWVkaWEtY29udGVudC13cmFwXCIgZGF0YS1lbGVtZW50b3Itb3Blbi1saWdodGJveD1cInllc1wiIHRpdGxlPVwiXCI+PGRpdiBjbGFzcz1cImdhbGxlcnktaXRlbS1jYXB0aW9uLXdyYXAgY2FwdGlvbi1zdHlsZS1ob3ZlcmVyIGVhZWwtc2xpZGUtdXBcIj48ZGl2IGNsYXNzPVwiZ2FsbGVyeS1pdGVtLWhvdmVyZXItYmdcIj48XC9kaXY+PGRpdiBjbGFzcz1cImdhbGxlcnktaXRlbS1jYXB0aW9uLW92ZXJcIj48aDIgY2xhc3M9XCJmZy1pdGVtLXRpdGxlXCI+VG9vdG1pc2pcdTAwZTRyZWx2YWx2ZTxcL2gyPjxcL2Rpdj48XC9kaXY+PFwvYT48XC9kaXY+PFwvZGl2PiJd\" data-init-show=\"4\">\n            <div class=\"eael-filterable-gallery-item-wrap\">\n\t\t\t\t<div class=\"eael-gallery-grid-item\"><div class=\"gallery-item-thumbnail-wrap\"><img decoding=\"async\" width=\"300\" height=\"116\" src=\"https:\/\/www.alfacap.ee\/wp-content\/uploads\/2019\/03\/delivery-1-300x116.jpg\" class=\"attachment-medium size-medium wp-image-596\" alt=\"Tootmisj\u00e4relevalve\" srcset=\"https:\/\/www.alfacap.ee\/wp-content\/uploads\/2019\/03\/delivery-1-300x116.jpg 300w, https:\/\/www.alfacap.ee\/wp-content\/uploads\/2019\/03\/delivery-1-768x296.jpg 768w, https:\/\/www.alfacap.ee\/wp-content\/uploads\/2019\/03\/delivery-1-1024x395.jpg 1024w, https:\/\/www.alfacap.ee\/wp-content\/uploads\/2019\/03\/delivery-1.jpg 1200w\" sizes=\"(max-width: 300px) 100vw, 300px\" \/><\/div><a area-hidden=\"true\" aria-label=\"eael-magnific-link\" href=\"https:\/\/www.alfacap.ee\/wp-content\/uploads\/2019\/03\/delivery-1.jpg\" class=\"eael-magnific-link eael-magnific-link-clone active media-content-wrap\" data-elementor-open-lightbox=\"yes\" title=\"\"><div class=\"gallery-item-caption-wrap caption-style-hoverer eael-slide-up\"><div class=\"gallery-item-hoverer-bg\"><\/div><div class=\"gallery-item-caption-over\"><h2 class=\"fg-item-title\">Tootmisj\u00e4relvalve<\/h2><\/div><\/div><\/a><\/div><\/div><div class=\"eael-filterable-gallery-item-wrap\">\n\t\t\t\t<div class=\"eael-gallery-grid-item\"><div class=\"gallery-item-thumbnail-wrap\"><img fetchpriority=\"high\" decoding=\"async\" width=\"300\" height=\"225\" src=\"https:\/\/www.alfacap.ee\/wp-content\/uploads\/2019\/03\/vkg-energy-300x225.jpg\" class=\"attachment-medium size-medium wp-image-614\" alt=\"\" srcset=\"https:\/\/www.alfacap.ee\/wp-content\/uploads\/2019\/03\/vkg-energy-300x225.jpg 300w, https:\/\/www.alfacap.ee\/wp-content\/uploads\/2019\/03\/vkg-energy-768x576.jpg 768w, https:\/\/www.alfacap.ee\/wp-content\/uploads\/2019\/03\/vkg-energy-1024x768.jpg 1024w, https:\/\/www.alfacap.ee\/wp-content\/uploads\/2019\/03\/vkg-energy.jpg 1200w\" sizes=\"(max-width: 300px) 100vw, 300px\" \/><\/div><a area-hidden=\"true\" aria-label=\"eael-magnific-link\" href=\"https:\/\/www.alfacap.ee\/wp-content\/uploads\/2019\/03\/vkg-energy.jpg\" class=\"eael-magnific-link eael-magnific-link-clone active media-content-wrap\" data-elementor-open-lightbox=\"yes\" title=\"\"><div class=\"gallery-item-caption-wrap caption-style-hoverer eael-slide-up\"><div class=\"gallery-item-hoverer-bg\"><\/div><div class=\"gallery-item-caption-over\"><h2 class=\"fg-item-title\">Tootmisj\u00e4relvalve<\/h2><\/div><\/div><\/a><\/div><\/div><div class=\"eael-filterable-gallery-item-wrap\">\n\t\t\t\t<div class=\"eael-gallery-grid-item\"><div class=\"gallery-item-thumbnail-wrap\"><img loading=\"lazy\" decoding=\"async\" width=\"300\" height=\"169\" src=\"https:\/\/www.alfacap.ee\/wp-content\/uploads\/2019\/03\/img-20150827-140832-300x169.jpg\" class=\"attachment-medium size-medium wp-image-611\" alt=\"\" srcset=\"https:\/\/www.alfacap.ee\/wp-content\/uploads\/2019\/03\/img-20150827-140832-300x169.jpg 300w, https:\/\/www.alfacap.ee\/wp-content\/uploads\/2019\/03\/img-20150827-140832-768x431.jpg 768w, https:\/\/www.alfacap.ee\/wp-content\/uploads\/2019\/03\/img-20150827-140832-1024x575.jpg 1024w, https:\/\/www.alfacap.ee\/wp-content\/uploads\/2019\/03\/img-20150827-140832.jpg 1200w\" sizes=\"(max-width: 300px) 100vw, 300px\" \/><\/div><a area-hidden=\"true\" aria-label=\"eael-magnific-link\" href=\"https:\/\/www.alfacap.ee\/wp-content\/uploads\/2019\/03\/img-20150827-140832.jpg\" class=\"eael-magnific-link eael-magnific-link-clone active media-content-wrap\" data-elementor-open-lightbox=\"yes\" title=\"\"><div class=\"gallery-item-caption-wrap caption-style-hoverer eael-slide-up\"><div class=\"gallery-item-hoverer-bg\"><\/div><div class=\"gallery-item-caption-over\"><h2 class=\"fg-item-title\">Tootmisj\u00e4relvalve<\/h2><\/div><\/div><\/a><\/div><\/div><div class=\"eael-filterable-gallery-item-wrap\">\n\t\t\t\t<div class=\"eael-gallery-grid-item\"><div class=\"gallery-item-thumbnail-wrap\"><img loading=\"lazy\" decoding=\"async\" width=\"225\" height=\"300\" src=\"https:\/\/www.alfacap.ee\/wp-content\/uploads\/2019\/03\/dscn8551-225x300.jpg\" class=\"attachment-medium size-medium wp-image-608\" alt=\"\" srcset=\"https:\/\/www.alfacap.ee\/wp-content\/uploads\/2019\/03\/dscn8551-225x300.jpg 225w, https:\/\/www.alfacap.ee\/wp-content\/uploads\/2019\/03\/dscn8551.jpg 768w\" sizes=\"(max-width: 225px) 100vw, 225px\" \/><\/div><a area-hidden=\"true\" aria-label=\"eael-magnific-link\" href=\"https:\/\/www.alfacap.ee\/wp-content\/uploads\/2019\/03\/dscn8551.jpg\" class=\"eael-magnific-link eael-magnific-link-clone active media-content-wrap\" data-elementor-open-lightbox=\"yes\" title=\"\"><div class=\"gallery-item-caption-wrap caption-style-hoverer eael-slide-up\"><div class=\"gallery-item-hoverer-bg\"><\/div><div class=\"gallery-item-caption-over\"><h2 class=\"fg-item-title\">Tootmisj\u00e4relvalve<\/h2><\/div><\/div><\/a><\/div><\/div>        <\/div>\n                <\/div>\n        \n        \t\t\t\t<\/div>\n\t\t\t\t<\/div>\n\t\t\t\t\t<\/div>\n\t\t<\/div>\n\t\t\t\t\t<\/div>\n\t\t<\/section>\n\t\t\t\t<section class=\"elementor-section elementor-top-section elementor-element elementor-element-2e7cfa1 elementor-section-boxed elementor-section-height-default elementor-section-height-default\" data-id=\"2e7cfa1\" data-element_type=\"section\" data-e-type=\"section\">\n\t\t\t\t\t\t<div class=\"elementor-container elementor-column-gap-default\">\n\t\t\t\t\t<div class=\"elementor-column elementor-col-100 elementor-top-column elementor-element elementor-element-985b03a\" data-id=\"985b03a\" data-element_type=\"column\" data-e-type=\"column\">\n\t\t\t<div class=\"elementor-widget-wrap\">\n\t\t\t\t\t\t\t<\/div>\n\t\t<\/div>\n\t\t\t\t\t<\/div>\n\t\t<\/section>\n\t\t\t\t<\/div>\n\t\t","protected":false},"excerpt":{"rendered":"<p>Tuotannonvalvonta Tuotannonvalvonta on valmistusprosessin valvomisen ja ohjaamisen palvelu. Valvoo tuotannon tapahtumien vaatimustenmukaisuutta ja aikataulujen noudattamista, tarkistaa asiakirjat. Viestitt\u00e4\u00e4 ja raportoi tuotannon tapahtumista ja antaa asiakkaalle riippumattoman ja asianmukaisen yleiskatsauksen sen hetken tapahtumista. Ota yhteytt\u00e4 \u00bb Tootmisj\u00e4relvalve Tootmisj\u00e4relvalve Tootmisj\u00e4relvalve Tootmisj\u00e4relvalve &nbsp;<\/p>\n","protected":false},"author":1,"featured_media":0,"parent":0,"menu_order":0,"comment_status":"closed","ping_status":"closed","template":"","meta":{"_seopress_robots_primary_cat":"","_seopress_titles_title":"Tuotannonvalvonta - Alfacap Grupp OY","_seopress_titles_desc":"Tuotannonvalvonta on valmistusprosessin valvomisen ja ohjaamisen palvelu. Pitk\u00e4aikainen kokemus kehitys- ja teollisuusprojektien toteuttamisesta.\r\n\r\n\r\n","_seopress_robots_index":"","site-sidebar-layout":"default","site-content-layout":"page-builder","ast-site-content-layout":"default","site-content-style":"default","site-sidebar-style":"default","ast-global-header-display":"","ast-banner-title-visibility":"","ast-main-header-display":"","ast-hfb-above-header-display":"","ast-hfb-below-header-display":"","ast-hfb-mobile-header-display":"","site-post-title":"disabled","ast-breadcrumbs-content":"","ast-featured-img":"","footer-sml-layout":"","ast-disable-related-posts":"","theme-transparent-header-meta":"default","adv-header-id-meta":"","stick-header-meta":"default","header-above-stick-meta":"","header-main-stick-meta":"","header-below-stick-meta":"","astra-migrate-meta-layouts":"default","ast-page-background-enabled":"default","ast-page-background-meta":{"desktop":{"background-color":"","background-image":"","background-repeat":"repeat","background-position":"center center","background-size":"auto","background-attachment":"scroll","background-type":"","background-media":"","overlay-type":"","overlay-color":"","overlay-opacity":"","overlay-gradient":""},"tablet":{"background-color":"","background-image":"","background-repeat":"repeat","background-position":"center center","background-size":"auto","background-attachment":"scroll","background-type":"","background-media":"","overlay-type":"","overlay-color":"","overlay-opacity":"","overlay-gradient":""},"mobile":{"background-color":"","background-image":"","background-repeat":"repeat","background-position":"center center","background-size":"auto","background-attachment":"scroll","background-type":"","background-media":"","overlay-type":"","overlay-color":"","overlay-opacity":"","overlay-gradient":""}},"ast-content-background-meta":{"desktop":{"background-color":"var(--ast-global-color-5)","background-image":"","background-repeat":"repeat","background-position":"center center","background-size":"auto","background-attachment":"scroll","background-type":"","background-media":"","overlay-type":"","overlay-color":"","overlay-opacity":"","overlay-gradient":""},"tablet":{"background-color":"var(--ast-global-color-5)","background-image":"","background-repeat":"repeat","background-position":"center center","background-size":"auto","background-attachment":"scroll","background-type":"","background-media":"","overlay-type":"","overlay-color":"","overlay-opacity":"","overlay-gradient":""},"mobile":{"background-color":"var(--ast-global-color-5)","background-image":"","background-repeat":"repeat","background-position":"center center","background-size":"auto","background-attachment":"scroll","background-type":"","background-media":"","overlay-type":"","overlay-color":"","overlay-opacity":"","overlay-gradient":""}},"footnotes":""},"class_list":["post-1283","page","type-page","status-publish","hentry"],"_links":{"self":[{"href":"https:\/\/www.alfacap.ee\/fi\/wp-json\/wp\/v2\/pages\/1283","targetHints":{"allow":["GET"]}}],"collection":[{"href":"https:\/\/www.alfacap.ee\/fi\/wp-json\/wp\/v2\/pages"}],"about":[{"href":"https:\/\/www.alfacap.ee\/fi\/wp-json\/wp\/v2\/types\/page"}],"author":[{"embeddable":true,"href":"https:\/\/www.alfacap.ee\/fi\/wp-json\/wp\/v2\/users\/1"}],"replies":[{"embeddable":true,"href":"https:\/\/www.alfacap.ee\/fi\/wp-json\/wp\/v2\/comments?post=1283"}],"version-history":[{"count":3,"href":"https:\/\/www.alfacap.ee\/fi\/wp-json\/wp\/v2\/pages\/1283\/revisions"}],"predecessor-version":[{"id":1286,"href":"https:\/\/www.alfacap.ee\/fi\/wp-json\/wp\/v2\/pages\/1283\/revisions\/1286"}],"wp:attachment":[{"href":"https:\/\/www.alfacap.ee\/fi\/wp-json\/wp\/v2\/media?parent=1283"}],"curies":[{"name":"wp","href":"https:\/\/api.w.org\/{rel}","templated":true}]}}